{"id":1323,"date":"2022-03-09T21:59:38","date_gmt":"2022-03-09T20:59:38","guid":{"rendered":"https:\/\/stammkoetter-gmbh.de\/wordpress\/?page_id=1323"},"modified":"2025-10-06T15:15:12","modified_gmt":"2025-10-06T13:15:12","slug":"sondermaschinen","status":"publish","type":"page","link":"https:\/\/stammkoetter-gmbh.de\/wordpress\/sondermaschinen\/","title":{"rendered":"Sondermaschinen"},"content":{"rendered":"\n<h2 class=\"wp-block-heading\">Unsere St\u00e4rken:<\/h2>\n\n\n\n<ul class=\"wp-block-list\">\n<li><a href=\"https:\/\/stammkoetter-gmbh.de\/wordpress\/category\/allgemein\/sondermaschinen\/holzbearbeitungsmaschinen\/\"><strong>Maschinen zur Holzbearbeitung<\/strong><\/a><\/li>\n<\/ul>\n\n\n\n<ul class=\"wp-block-list\">\n<li><a href=\"https:\/\/stammkoetter-gmbh.de\/wordpress\/category\/allgemein\/sondermaschinen\/wickelboecke\/\"><strong>Wickel-B\u00f6cke<\/strong><\/a><\/li>\n<\/ul>\n\n\n\n<ul class=\"wp-block-list\">\n<li><a href=\"https:\/\/stammkoetter-gmbh.de\/wordpress\/category\/allgemein\/sondermaschinen\/metallbearbeitungsmaschinen\/\"><strong>Maschinen zur Metall-Bearbeitung<\/strong><\/a><\/li>\n<\/ul>\n\n\n\n<ul class=\"wp-block-list\">\n<li><a href=\"https:\/\/stammkoetter-gmbh.de\/wordpress\/category\/allgemein\/sondermaschinen\/kunststoffbearbeitungsmaschinen\/\"><strong>Maschinen zur Kunststoffbearbeitung<\/strong><\/a><\/li>\n<\/ul>\n\n\n\n<p>Durch immer speziellere Nachfragen nach Sondermaschinen f\u00fcr die individuelle Umsetzung der Kundenw\u00fcnsche haben wir uns zu einem leistungsstarken Maschinenlieferanten entwickelt.<\/p>\n\n\n\n<p>Bei der Entwicklung und Fertigung der Maschinen legen wir gr\u00f6\u00dften Wert auf technische Qualit\u00e4t und Wirtschaftlichkeit.<\/p>\n\n\n\n<p>Unsere Vorteile zeigen sich eindeutig in unserer Flexibilit\u00e4t, Innovation, P\u00fcnktlichkeit und fairer Kalkulation.<\/p>\n\n\n\n<p>Diverse Eindr\u00fccke finden Sie hier auf unserem YouTube-Kanal:<\/p>\n\n\n\n<p><a href=\"https:\/\/www.youtube.com\/channel\/UCJDcjiN6pVXBLsp0we13z2A\">https:\/\/www.youtube.com\/channel\/UCJDcjiN6pVXBLsp0we13z2A<\/a><\/p>\n\n\n\n<p>Oder auch in der Bilder-Galerie:<\/p>\n\n\n\n<figure class=\"wp-block-gallery has-nested-images columns-default is-cropped wp-block-gallery-1 is-layout-flex wp-block-gallery-is-layout-flex\">\n<figure class=\"wp-block-image size-large\"><img loading=\"lazy\" decoding=\"async\" width=\"2560\" height=\"1920\" data-id=\"352\" src=\"https:\/\/stammkoetter-gmbh.de\/wordpress\/wp-content\/uploads\/2017\/01\/Iphone-368-1-scaled.jpg\" alt=\"\" class=\"wp-image-352\" srcset=\"https:\/\/stammkoetter-gmbh.de\/wordpress\/wp-content\/uploads\/2017\/01\/Iphone-368-1-scaled.jpg 2560w, https:\/\/stammkoetter-gmbh.de\/wordpress\/wp-content\/uploads\/2017\/01\/Iphone-368-1-300x225.jpg 300w, https:\/\/stammkoetter-gmbh.de\/wordpress\/wp-content\/uploads\/2017\/01\/Iphone-368-1-1024x768.jpg 1024w, https:\/\/stammkoetter-gmbh.de\/wordpress\/wp-content\/uploads\/2017\/01\/Iphone-368-1-768x576.jpg 768w, https:\/\/stammkoetter-gmbh.de\/wordpress\/wp-content\/uploads\/2017\/01\/Iphone-368-1-1536x1152.jpg 1536w, https:\/\/stammkoetter-gmbh.de\/wordpress\/wp-content\/uploads\/2017\/01\/Iphone-368-1-2048x1536.jpg 2048w\" sizes=\"auto, (max-width: 2560px) 100vw, 2560px\" \/><\/figure>\n\n\n\n<figure class=\"wp-block-image size-large\"><img loading=\"lazy\" decoding=\"async\" width=\"1920\" height=\"2560\" data-id=\"350\" src=\"https:\/\/stammkoetter-gmbh.de\/wordpress\/wp-content\/uploads\/2017\/01\/Iphone-306-1-scaled.jpg\" alt=\"\" class=\"wp-image-350\" srcset=\"https:\/\/stammkoetter-gmbh.de\/wordpress\/wp-content\/uploads\/2017\/01\/Iphone-306-1-scaled.jpg 1920w, https:\/\/stammkoetter-gmbh.de\/wordpress\/wp-content\/uploads\/2017\/01\/Iphone-306-1-225x300.jpg 225w, https:\/\/stammkoetter-gmbh.de\/wordpress\/wp-content\/uploads\/2017\/01\/Iphone-306-1-768x1024.jpg 768w, https:\/\/stammkoetter-gmbh.de\/wordpress\/wp-content\/uploads\/2017\/01\/Iphone-306-1-1152x1536.jpg 1152w, https:\/\/stammkoetter-gmbh.de\/wordpress\/wp-content\/uploads\/2017\/01\/Iphone-306-1-1536x2048.jpg 1536w\" sizes=\"auto, (max-width: 1920px) 100vw, 1920px\" \/><\/figure>\n\n\n\n<figure class=\"wp-block-image size-large\"><img loading=\"lazy\" decoding=\"async\" width=\"876\" height=\"1167\" data-id=\"334\" src=\"https:\/\/stammkoetter-gmbh.de\/wordpress\/wp-content\/uploads\/2017\/01\/SBR-7000-236-1-1.jpg\" alt=\"\" class=\"wp-image-334\" srcset=\"https:\/\/stammkoetter-gmbh.de\/wordpress\/wp-content\/uploads\/2017\/01\/SBR-7000-236-1-1.jpg 876w, https:\/\/stammkoetter-gmbh.de\/wordpress\/wp-content\/uploads\/2017\/01\/SBR-7000-236-1-1-225x300.jpg 225w, https:\/\/stammkoetter-gmbh.de\/wordpress\/wp-content\/uploads\/2017\/01\/SBR-7000-236-1-1-769x1024.jpg 769w, https:\/\/stammkoetter-gmbh.de\/wordpress\/wp-content\/uploads\/2017\/01\/SBR-7000-236-1-1-768x1023.jpg 768w\" sizes=\"auto, (max-width: 876px) 100vw, 876px\" \/><\/figure>\n\n\n\n<figure class=\"wp-block-image size-large\"><img loading=\"lazy\" decoding=\"async\" width=\"929\" height=\"1317\" data-id=\"329\" src=\"https:\/\/stammkoetter-gmbh.de\/wordpress\/wp-content\/uploads\/2017\/01\/SBR-7000-099-1-1.jpg\" alt=\"\" class=\"wp-image-329\" srcset=\"https:\/\/stammkoetter-gmbh.de\/wordpress\/wp-content\/uploads\/2017\/01\/SBR-7000-099-1-1.jpg 929w, https:\/\/stammkoetter-gmbh.de\/wordpress\/wp-content\/uploads\/2017\/01\/SBR-7000-099-1-1-212x300.jpg 212w, https:\/\/stammkoetter-gmbh.de\/wordpress\/wp-content\/uploads\/2017\/01\/SBR-7000-099-1-1-722x1024.jpg 722w, https:\/\/stammkoetter-gmbh.de\/wordpress\/wp-content\/uploads\/2017\/01\/SBR-7000-099-1-1-768x1089.jpg 768w\" sizes=\"auto, (max-width: 929px) 100vw, 929px\" \/><\/figure>\n<\/figure>\n","protected":false},"excerpt":{"rendered":"Unsere St\u00e4rken: Durch immer speziellere Nachfragen nach Sondermaschinen f\u00fcr die individuelle Umsetzung der [&hellip;]","protected":false},"author":1,"featured_media":0,"parent":0,"menu_order":0,"comment_status":"closed","ping_status":"closed","template":"template-with-sidebar.php","meta":{"footnotes":""},"class_list":["post-1323","page","type-page","status-publish","hentry"],"yoast_head":"<!-- This site is optimized with the Yoast SEO plugin v27.5 - https:\/\/yoast.com\/product\/yoast-seo-wordpress\/ -->\n<title>Sondermaschinen - Stammk\u00f6tter Maschinenbau GmbH<\/title>\n<meta name=\"robots\" content=\"index, follow, max-snippet:-1, max-image-preview:large, max-video-preview:-1\" \/>\n<link rel=\"canonical\" href=\"https:\/\/stammkoetter-gmbh.de\/wordpress\/sondermaschinen\/\" \/>\n<meta property=\"og:locale\" content=\"de_DE\" \/>\n<meta property=\"og:type\" content=\"article\" \/>\n<meta property=\"og:title\" content=\"Sondermaschinen - Stammk\u00f6tter Maschinenbau GmbH\" \/>\n<meta property=\"og:description\" content=\"Unsere St\u00e4rken: Durch immer speziellere Nachfragen nach Sondermaschinen f\u00fcr die individuelle Umsetzung der [&hellip;]\" \/>\n<meta property=\"og:url\" content=\"https:\/\/stammkoetter-gmbh.de\/wordpress\/sondermaschinen\/\" \/>\n<meta property=\"og:site_name\" content=\"Stammk\u00f6tter Maschinenbau GmbH\" \/>\n<meta property=\"article:modified_time\" content=\"2025-10-06T13:15:12+00:00\" \/>\n<meta property=\"og:image\" content=\"https:\/\/stammkoetter-gmbh.de\/wordpress\/wp-content\/uploads\/2017\/01\/Iphone-368-1-scaled.jpg\" \/>\n\t<meta property=\"og:image:width\" content=\"2560\" \/>\n\t<meta property=\"og:image:height\" content=\"1920\" \/>\n\t<meta property=\"og:image:type\" content=\"image\/jpeg\" \/>\n<meta name=\"twitter:card\" content=\"summary_large_image\" \/>\n<meta name=\"twitter:label1\" content=\"Gesch\u00e4tzte Lesezeit\" \/>\n\t<meta name=\"twitter:data1\" content=\"2\u00a0Minuten\" \/>\n<script type=\"application\/ld+json\" class=\"yoast-schema-graph\">{\"@context\":\"https:\\\/\\\/schema.org\",\"@graph\":[{\"@type\":\"WebPage\",\"@id\":\"https:\\\/\\\/stammkoetter-gmbh.de\\\/wordpress\\\/sondermaschinen\\\/\",\"url\":\"https:\\\/\\\/stammkoetter-gmbh.de\\\/wordpress\\\/sondermaschinen\\\/\",\"name\":\"Sondermaschinen - Stammk\u00f6tter Maschinenbau GmbH\",\"isPartOf\":{\"@id\":\"https:\\\/\\\/stammkoetter-gmbh.de\\\/wordpress\\\/#website\"},\"primaryImageOfPage\":{\"@id\":\"https:\\\/\\\/stammkoetter-gmbh.de\\\/wordpress\\\/sondermaschinen\\\/#primaryimage\"},\"image\":{\"@id\":\"https:\\\/\\\/stammkoetter-gmbh.de\\\/wordpress\\\/sondermaschinen\\\/#primaryimage\"},\"thumbnailUrl\":\"https:\\\/\\\/stammkoetter-gmbh.de\\\/wordpress\\\/wp-content\\\/uploads\\\/2017\\\/01\\\/Iphone-368-1-scaled.jpg\",\"datePublished\":\"2022-03-09T20:59:38+00:00\",\"dateModified\":\"2025-10-06T13:15:12+00:00\",\"breadcrumb\":{\"@id\":\"https:\\\/\\\/stammkoetter-gmbh.de\\\/wordpress\\\/sondermaschinen\\\/#breadcrumb\"},\"inLanguage\":\"de\",\"potentialAction\":[{\"@type\":\"ReadAction\",\"target\":[\"https:\\\/\\\/stammkoetter-gmbh.de\\\/wordpress\\\/sondermaschinen\\\/\"]}]},{\"@type\":\"ImageObject\",\"inLanguage\":\"de\",\"@id\":\"https:\\\/\\\/stammkoetter-gmbh.de\\\/wordpress\\\/sondermaschinen\\\/#primaryimage\",\"url\":\"https:\\\/\\\/stammkoetter-gmbh.de\\\/wordpress\\\/wp-content\\\/uploads\\\/2017\\\/01\\\/Iphone-368-1-scaled.jpg\",\"contentUrl\":\"https:\\\/\\\/stammkoetter-gmbh.de\\\/wordpress\\\/wp-content\\\/uploads\\\/2017\\\/01\\\/Iphone-368-1-scaled.jpg\",\"width\":2560,\"height\":1920},{\"@type\":\"BreadcrumbList\",\"@id\":\"https:\\\/\\\/stammkoetter-gmbh.de\\\/wordpress\\\/sondermaschinen\\\/#breadcrumb\",\"itemListElement\":[{\"@type\":\"ListItem\",\"position\":1,\"name\":\"Startseite\",\"item\":\"https:\\\/\\\/stammkoetter-gmbh.de\\\/wordpress\\\/\"},{\"@type\":\"ListItem\",\"position\":2,\"name\":\"Sondermaschinen\"}]},{\"@type\":\"WebSite\",\"@id\":\"https:\\\/\\\/stammkoetter-gmbh.de\\\/wordpress\\\/#website\",\"url\":\"https:\\\/\\\/stammkoetter-gmbh.de\\\/wordpress\\\/\",\"name\":\"Stammk\u00f6tter Maschinenbau GmbH\",\"description\":\"Sondermaschinenbau aus G\u00fctersloh\",\"potentialAction\":[{\"@type\":\"SearchAction\",\"target\":{\"@type\":\"EntryPoint\",\"urlTemplate\":\"https:\\\/\\\/stammkoetter-gmbh.de\\\/wordpress\\\/?s={search_term_string}\"},\"query-input\":{\"@type\":\"PropertyValueSpecification\",\"valueRequired\":true,\"valueName\":\"search_term_string\"}}],\"inLanguage\":\"de\"}]}<\/script>\n<!-- \/ Yoast SEO plugin. -->","yoast_head_json":{"title":"Sondermaschinen - Stammk\u00f6tter Maschinenbau GmbH","robots":{"index":"index","follow":"follow","max-snippet":"max-snippet:-1","max-image-preview":"max-image-preview:large","max-video-preview":"max-video-preview:-1"},"canonical":"https:\/\/stammkoetter-gmbh.de\/wordpress\/sondermaschinen\/","og_locale":"de_DE","og_type":"article","og_title":"Sondermaschinen - Stammk\u00f6tter Maschinenbau GmbH","og_description":"Unsere St\u00e4rken: Durch immer speziellere Nachfragen nach Sondermaschinen f\u00fcr die individuelle Umsetzung der [&hellip;]","og_url":"https:\/\/stammkoetter-gmbh.de\/wordpress\/sondermaschinen\/","og_site_name":"Stammk\u00f6tter Maschinenbau GmbH","article_modified_time":"2025-10-06T13:15:12+00:00","og_image":[{"width":2560,"height":1920,"url":"https:\/\/stammkoetter-gmbh.de\/wordpress\/wp-content\/uploads\/2017\/01\/Iphone-368-1-scaled.jpg","type":"image\/jpeg"}],"twitter_card":"summary_large_image","twitter_misc":{"Gesch\u00e4tzte Lesezeit":"2\u00a0Minuten"},"schema":{"@context":"https:\/\/schema.org","@graph":[{"@type":"WebPage","@id":"https:\/\/stammkoetter-gmbh.de\/wordpress\/sondermaschinen\/","url":"https:\/\/stammkoetter-gmbh.de\/wordpress\/sondermaschinen\/","name":"Sondermaschinen - Stammk\u00f6tter Maschinenbau GmbH","isPartOf":{"@id":"https:\/\/stammkoetter-gmbh.de\/wordpress\/#website"},"primaryImageOfPage":{"@id":"https:\/\/stammkoetter-gmbh.de\/wordpress\/sondermaschinen\/#primaryimage"},"image":{"@id":"https:\/\/stammkoetter-gmbh.de\/wordpress\/sondermaschinen\/#primaryimage"},"thumbnailUrl":"https:\/\/stammkoetter-gmbh.de\/wordpress\/wp-content\/uploads\/2017\/01\/Iphone-368-1-scaled.jpg","datePublished":"2022-03-09T20:59:38+00:00","dateModified":"2025-10-06T13:15:12+00:00","breadcrumb":{"@id":"https:\/\/stammkoetter-gmbh.de\/wordpress\/sondermaschinen\/#breadcrumb"},"inLanguage":"de","potentialAction":[{"@type":"ReadAction","target":["https:\/\/stammkoetter-gmbh.de\/wordpress\/sondermaschinen\/"]}]},{"@type":"ImageObject","inLanguage":"de","@id":"https:\/\/stammkoetter-gmbh.de\/wordpress\/sondermaschinen\/#primaryimage","url":"https:\/\/stammkoetter-gmbh.de\/wordpress\/wp-content\/uploads\/2017\/01\/Iphone-368-1-scaled.jpg","contentUrl":"https:\/\/stammkoetter-gmbh.de\/wordpress\/wp-content\/uploads\/2017\/01\/Iphone-368-1-scaled.jpg","width":2560,"height":1920},{"@type":"BreadcrumbList","@id":"https:\/\/stammkoetter-gmbh.de\/wordpress\/sondermaschinen\/#breadcrumb","itemListElement":[{"@type":"ListItem","position":1,"name":"Startseite","item":"https:\/\/stammkoetter-gmbh.de\/wordpress\/"},{"@type":"ListItem","position":2,"name":"Sondermaschinen"}]},{"@type":"WebSite","@id":"https:\/\/stammkoetter-gmbh.de\/wordpress\/#website","url":"https:\/\/stammkoetter-gmbh.de\/wordpress\/","name":"Stammk\u00f6tter Maschinenbau GmbH","description":"Sondermaschinenbau aus G\u00fctersloh","potentialAction":[{"@type":"SearchAction","target":{"@type":"EntryPoint","urlTemplate":"https:\/\/stammkoetter-gmbh.de\/wordpress\/?s={search_term_string}"},"query-input":{"@type":"PropertyValueSpecification","valueRequired":true,"valueName":"search_term_string"}}],"inLanguage":"de"}]}},"_links":{"self":[{"href":"https:\/\/stammkoetter-gmbh.de\/wordpress\/wp-json\/wp\/v2\/pages\/1323","targetHints":{"allow":["GET"]}}],"collection":[{"href":"https:\/\/stammkoetter-gmbh.de\/wordpress\/wp-json\/wp\/v2\/pages"}],"about":[{"href":"https:\/\/stammkoetter-gmbh.de\/wordpress\/wp-json\/wp\/v2\/types\/page"}],"author":[{"embeddable":true,"href":"https:\/\/stammkoetter-gmbh.de\/wordpress\/wp-json\/wp\/v2\/users\/1"}],"replies":[{"embeddable":true,"href":"https:\/\/stammkoetter-gmbh.de\/wordpress\/wp-json\/wp\/v2\/comments?post=1323"}],"version-history":[{"count":8,"href":"https:\/\/stammkoetter-gmbh.de\/wordpress\/wp-json\/wp\/v2\/pages\/1323\/revisions"}],"predecessor-version":[{"id":1794,"href":"https:\/\/stammkoetter-gmbh.de\/wordpress\/wp-json\/wp\/v2\/pages\/1323\/revisions\/1794"}],"wp:attachment":[{"href":"https:\/\/stammkoetter-gmbh.de\/wordpress\/wp-json\/wp\/v2\/media?parent=1323"}],"curies":[{"name":"wp","href":"https:\/\/api.w.org\/{rel}","templated":true}]}}