{"id":1657,"date":"2025-09-11T14:44:29","date_gmt":"2025-09-11T12:44:29","guid":{"rendered":"https:\/\/stammkoetter-gmbh.de\/wordpress\/?page_id=1657"},"modified":"2025-10-06T15:08:41","modified_gmt":"2025-10-06T13:08:41","slug":"leistungen","status":"publish","type":"page","link":"https:\/\/stammkoetter-gmbh.de\/wordpress\/leistungen\/","title":{"rendered":"Leistungen"},"content":{"rendered":"\n<p>Unser Produktversprechen in allen Bereichen: <strong>Zuverl\u00e4ssigkeit und Wertigkeit <\/strong>made in Germany.<\/p>\n\n\n\n<p>Wir sind ein eingespieltes Team von Maschinenbauexperten und erarbeiten auch f\u00fcr gro\u00dfe Problemstellungen qualifizierte und wirtschaftliche L\u00f6sungen!!!<\/p>\n\n\n\n<p><\/p>\n\n\n\n<div class=\"wp-block-columns is-layout-flex wp-container-core-columns-is-layout-9d6595d7 wp-block-columns-is-layout-flex\">\n<div class=\"wp-block-column is-layout-flow wp-block-column-is-layout-flow\">\n<h2 class=\"wp-block-heading has-text-align-right\"><mark style=\"background-color:rgba(0, 0, 0, 0);color:#117acb\" class=\"has-inline-color\">Projektierung<\/mark><\/h2>\n<\/div>\n\n\n\n<div class=\"wp-block-column is-layout-flow wp-block-column-is-layout-flow\">\n<p>Pers\u00f6nlich begleiten wir Ihr Projekt von der ersten Idee bis zur Fertigstellung. <\/p>\n<\/div>\n<\/div>\n\n\n\n<div class=\"wp-block-columns is-layout-flex wp-container-core-columns-is-layout-9d6595d7 wp-block-columns-is-layout-flex\">\n<div class=\"wp-block-column is-layout-flow wp-block-column-is-layout-flow\">\n<h2 class=\"wp-block-heading has-text-align-right\"><mark style=\"background-color:rgba(0, 0, 0, 0);color:#117acb\" class=\"has-inline-color\">Konstruktion<\/mark><\/h2>\n<\/div>\n\n\n\n<div class=\"wp-block-column is-layout-flow wp-block-column-is-layout-flow\">\n<p>Nach dem Entwurf wird nat\u00fcrlich auch die Konstruktion Ihrer Maschine in unserem Haus umgesetzt. Wir arbeiten standardm\u00e4\u00dfig mit AutoCad Inventor alle Projekte in 3D aus.<\/p>\n\n\n\n<p>Alle Anregungen, W\u00fcnsche und Informationen unserer Kunden flie\u00dfen mit ein und f\u00fchren zu einem zufriedenstellenden Produktergebnis.<br><br>Seien Sie nah am Entstehungsprozess mit dabei! Gerne stellen wir Ihnen das Layout der Maschine f\u00fcr die Linienintegration oder als Aufstellplan zur Verf\u00fcgung.<\/p>\n<\/div>\n<\/div>\n\n\n\n<div class=\"wp-block-columns is-layout-flex wp-container-core-columns-is-layout-9d6595d7 wp-block-columns-is-layout-flex\">\n<div class=\"wp-block-column is-layout-flow wp-block-column-is-layout-flow\">\n<h2 class=\"wp-block-heading has-text-align-right\"><mark style=\"background-color:rgba(0, 0, 0, 0);color:#117acb\" class=\"has-inline-color\">Fertigung<\/mark><\/h2>\n\n\n\n<div class=\"wp-block-cover has-custom-content-position is-position-top-center has-small-font-size\" style=\"min-height:287px;aspect-ratio:unset;\"><img decoding=\"async\" class=\"wp-block-cover__image-background wp-image-775\" alt=\"\" src=\"https:\/\/stammkoetter-gmbh.de\/wordpress\/wp-content\/uploads\/2020\/04\/IMG_0358-1024x768.jpg\" data-object-fit=\"cover\"\/><span aria-hidden=\"true\" class=\"wp-block-cover__background has-background-dim\"><\/span><div class=\"wp-block-cover__inner-container is-layout-flow wp-block-cover-is-layout-flow\">\n<p class=\"has-text-align-center has-large-font-size\">Ersatzteilfertigung<\/p>\n<\/div><\/div>\n\n\n\n<p class=\"has-text-align-center\"><a href=\"https:\/\/stammkoetter-gmbh.de\/wordpress\/fertigung\/maschinenpark\/\">Hier ein Auszug unseres Maschinenparks.<\/a><\/p>\n<\/div>\n\n\n\n<div class=\"wp-block-column is-layout-flow wp-block-column-is-layout-flow\">\n<p>Kommen Sie mit ihren Zeichnungen, Skizzen, Rohlingen, Mustern oder Ideen gerne zu uns!<\/p>\n\n\n\n<p>Die maschinelle Fertigung und Bearbeitungsm\u00f6glichkeiten umfassen <strong>drehen, fr\u00e4sen, Nuten r\u00e4umen<\/strong>. Wir bieten Ihnen gerne Einzelteile z.B. Maschinenersatzteile oder auch Kleinserien an.<\/p>\n\n\n\n<p>Wir fertigen Ihre Passfedernuten von 3 bis 20 mm Breite in diversen L\u00e4ngen und Passungen nach DIN 6885-1.<\/p>\n\n\n\n<p>Desweiteren <strong>schwei\u00dfen <\/strong>und bearbeiten wir <strong>Blech<\/strong>.<\/p>\n\n\n\n<p>Alle Komponenten bearbeiten, komplettieren und montieren wir im eigenen Haus . <\/p>\n\n\n\n<p>Oberfl\u00e4chenbehandlungen wie z.B. verzinken, verchromen, eloxieren, pulverbeschichten etc. werden durch unsere langj\u00e4hrigen Partner gew\u00e4hrleistet.<\/p>\n\n\n\n<p><\/p>\n\n\n\n<p><\/p>\n<\/div>\n<\/div>\n\n\n\n<div class=\"wp-block-columns is-layout-flex wp-container-core-columns-is-layout-9d6595d7 wp-block-columns-is-layout-flex\">\n<div class=\"wp-block-column is-layout-flow wp-block-column-is-layout-flow\">\n<h2 class=\"wp-block-heading has-text-align-right\"><mark style=\"background-color:rgba(0, 0, 0, 0);color:#117acb\" class=\"has-inline-color\">Montage<\/mark><\/h2>\n\n\n<div class=\"wp-block-image\">\n<figure class=\"alignright size-large is-resized\"><img loading=\"lazy\" decoding=\"async\" width=\"726\" height=\"1024\" src=\"https:\/\/stammkoetter-gmbh.de\/wordpress\/wp-content\/uploads\/2017\/01\/IMG_3878-1-e1757930139688-726x1024.jpg\" alt=\"\" class=\"wp-image-346\" style=\"width:243px;height:auto\" srcset=\"https:\/\/stammkoetter-gmbh.de\/wordpress\/wp-content\/uploads\/2017\/01\/IMG_3878-1-e1757930139688-726x1024.jpg 726w, https:\/\/stammkoetter-gmbh.de\/wordpress\/wp-content\/uploads\/2017\/01\/IMG_3878-1-e1757930139688-213x300.jpg 213w, https:\/\/stammkoetter-gmbh.de\/wordpress\/wp-content\/uploads\/2017\/01\/IMG_3878-1-e1757930139688-768x1084.jpg 768w, https:\/\/stammkoetter-gmbh.de\/wordpress\/wp-content\/uploads\/2017\/01\/IMG_3878-1-e1757930139688-1088x1536.jpg 1088w, https:\/\/stammkoetter-gmbh.de\/wordpress\/wp-content\/uploads\/2017\/01\/IMG_3878-1-e1757930139688-1451x2048.jpg 1451w, https:\/\/stammkoetter-gmbh.de\/wordpress\/wp-content\/uploads\/2017\/01\/IMG_3878-1-e1757930139688-720x1016.jpg 720w, https:\/\/stammkoetter-gmbh.de\/wordpress\/wp-content\/uploads\/2017\/01\/IMG_3878-1-e1757930139688.jpg 1610w\" sizes=\"auto, (max-width: 726px) 100vw, 726px\" \/><\/figure>\n<\/div><\/div>\n\n\n\n<div class=\"wp-block-column is-layout-flow wp-block-column-is-layout-flow\">\n<p>Gerne entsenden wir unsere Facharbeiter und Monteure zu Ihnen.<\/p>\n\n\n\n<p>Wir \u00fcbernehmen&#8230;<\/p>\n\n\n\n<p>&#8211; Wartung<br>&#8211; Instandhaltung<br>&#8211; Aufstellung und Inbetriebnahme<br>&#8211; Reparaturen<br>&#8211; Umbauten<br>der von uns gelieferten Anlagen und Maschinen, aber auch Fremdanlagen.<\/p>\n\n\n\n<p>Im speziellen auch Hydraulik-Arbeiten.<\/p>\n<\/div>\n<\/div>\n\n\n\n<div class=\"wp-block-columns is-layout-flex wp-container-core-columns-is-layout-9d6595d7 wp-block-columns-is-layout-flex\">\n<div class=\"wp-block-column is-layout-flow wp-block-column-is-layout-flow\">\n<h2 class=\"wp-block-heading has-text-align-right\"><mark style=\"background-color:rgba(0, 0, 0, 0);color:#117acb\" class=\"has-inline-color\">Automatisierung<\/mark><\/h2>\n<\/div>\n\n\n\n<div class=\"wp-block-column is-layout-flow wp-block-column-is-layout-flow\">\n<p>Gemeinsam mit unseren langj\u00e4hrigen Partnern der Elektro- und Steuerungstechnik entwickeln wir nah an Ihren Vorgaben die Maschinensteuerung.<\/p>\n\n\n\n<p>Die SPS und Visualisierung wird standardm\u00e4\u00dfig mit CodeSys umgesetzt, die Hardware ist KEB-Automation.<\/p>\n\n\n\n<p>Antriebe und Regelungen sind ebenfalls von Firma KEB, Sicherheits-SPS und Sensorik von Firma SICK.<\/p>\n\n\n\n<p>Kundenspezifische W\u00fcnsche pr\u00fcfen wir gerne.<\/p>\n<\/div>\n<\/div>\n\n\n\n<div class=\"wp-block-columns is-layout-flex wp-container-core-columns-is-layout-9d6595d7 wp-block-columns-is-layout-flex\">\n<div class=\"wp-block-column is-layout-flow wp-block-column-is-layout-flow\">\n<h2 class=\"wp-block-heading has-text-align-right\"><mark style=\"background-color:rgba(0, 0, 0, 0);color:#117acb\" class=\"has-inline-color\">Technische Dokumentation<\/mark><\/h2>\n\n\n<div class=\"wp-block-image\">\n<figure class=\"alignright size-large is-resized\"><img loading=\"lazy\" decoding=\"async\" width=\"1024\" height=\"732\" src=\"https:\/\/stammkoetter-gmbh.de\/wordpress\/wp-content\/uploads\/2025\/09\/Conformite_Europeenne_logo.svg_-1024x732.png\" alt=\"\" class=\"wp-image-1742\" style=\"width:204px;height:auto\" srcset=\"https:\/\/stammkoetter-gmbh.de\/wordpress\/wp-content\/uploads\/2025\/09\/Conformite_Europeenne_logo.svg_-1024x732.png 1024w, https:\/\/stammkoetter-gmbh.de\/wordpress\/wp-content\/uploads\/2025\/09\/Conformite_Europeenne_logo.svg_-300x214.png 300w, https:\/\/stammkoetter-gmbh.de\/wordpress\/wp-content\/uploads\/2025\/09\/Conformite_Europeenne_logo.svg_-768x549.png 768w, https:\/\/stammkoetter-gmbh.de\/wordpress\/wp-content\/uploads\/2025\/09\/Conformite_Europeenne_logo.svg_-720x515.png 720w, https:\/\/stammkoetter-gmbh.de\/wordpress\/wp-content\/uploads\/2025\/09\/Conformite_Europeenne_logo.svg_.png 1280w\" sizes=\"auto, (max-width: 1024px) 100vw, 1024px\" \/><\/figure>\n<\/div><\/div>\n\n\n\n<div class=\"wp-block-column is-layout-flow wp-block-column-is-layout-flow\">\n<p class=\"has-text-align-left\">Unsere Maschinen werden nat\u00fcrlich mit CE-Kennzeichnung in Verkehr gebracht. Dabei darf die vollst\u00e4ndige technische Dokumentation nicht fehlen.<\/p>\n\n\n\n<p class=\"has-text-align-left\">Gern erstellt unser technischer Redakteur in Ihrem Auftrag Dokumentationen und technische Unterlagen f\u00fcr Ihre (unvollst\u00e4ndigen) Maschinen, Baugruppen, Hebezeuge, Druckger\u00e4te und einfache Druckbeh\u00e4lter. <\/p>\n\n\n\n<p class=\"has-text-align-left\"><div class=\"su-expand su-expand-collapsed su-expand-link-style-button\" data-height=\"1\"><div class=\"su-expand-content su-u-trim\" style=\"color:#333333;max-height:1px;overflow:hidden\">Diese k\u00f6nnen umfassen: <br>&#8211; Risikobeurteilungen; Festlegen des Performance Level<br>&#8211; Betriebs- und Montageanleitungen<br>&#8211; Typenschilder<br>&#8211; CE-Konformit\u00e4ts- und Einbauerkl\u00e4rungen, CE-Kennzeichnung<br>&#8211; Pneumatikpl\u00e4ne und St\u00fccklisten<br>&#8211; Sicherheitsbeschilderung<br>&#8211; Fotodokumentation<br>&#8211; \u00dcbersetzungsmanagement f\u00fcr Zielsprache<\/div><div class=\"su-expand-link su-expand-link-more\" style=\"text-align:right\"><a href=\"javascript:;\" style=\"color:#117acb;border-color:#117acb\"><span style=\"border-color:#117acb\">Mehr anzeigen<\/span><\/a><\/div><div class=\"su-expand-link su-expand-link-less\" style=\"text-align:right\"><a href=\"javascript:;\" style=\"color:#117acb;border-color:#117acb\"><span style=\"border-color:#117acb\">Weniger anzeigen<\/span><\/a><\/div><\/div>\n\n\n\n<p><\/p>\n\n\n\n<ul class=\"wp-block-list\"><\/ul>\n<\/div>\n<\/div>\n\n\n\n<div class=\"wp-block-columns is-layout-flex wp-container-core-columns-is-layout-9d6595d7 wp-block-columns-is-layout-flex\">\n<div class=\"wp-block-column is-layout-flow wp-block-column-is-layout-flow\">\n<h2 class=\"wp-block-heading has-text-align-right\"><mark style=\"background-color:rgba(0, 0, 0, 0);color:#117acb\" class=\"has-inline-color\">After-Sales-Service<\/mark><\/h2>\n<\/div>\n\n\n\n<div class=\"wp-block-column is-layout-flow wp-block-column-is-layout-flow\">\n<p>Auch nach der Fertigstellung stehen wir als kompetenter Partner zu Ihrer Verf\u00fcgung. Schulungen des Bedienungspersonals, Wartungs- und Reparaturdienste, Ersatzteil-Service bieten wir Ihnen gerne an.<\/p>\n<\/div>\n<\/div>\n\n\n\n<p><\/p>\n","protected":false},"excerpt":{"rendered":"Unser Produktversprechen in allen Bereichen: Zuverl\u00e4ssigkeit und Wertigkeit made in Germany. Wir sind [&hellip;]","protected":false},"author":1,"featured_media":0,"parent":0,"menu_order":0,"comment_status":"closed","ping_status":"closed","template":"","meta":{"footnotes":""},"class_list":["post-1657","page","type-page","status-publish","hentry"],"yoast_head":"<!-- This site is optimized with the Yoast SEO plugin v27.5 - https:\/\/yoast.com\/product\/yoast-seo-wordpress\/ -->\n<title>Leistungen - Stammk\u00f6tter Maschinenbau GmbH<\/title>\n<meta name=\"robots\" content=\"index, follow, max-snippet:-1, max-image-preview:large, max-video-preview:-1\" \/>\n<link rel=\"canonical\" href=\"https:\/\/stammkoetter-gmbh.de\/wordpress\/leistungen\/\" \/>\n<meta property=\"og:locale\" content=\"de_DE\" \/>\n<meta property=\"og:type\" content=\"article\" \/>\n<meta property=\"og:title\" content=\"Leistungen - Stammk\u00f6tter Maschinenbau GmbH\" \/>\n<meta property=\"og:description\" content=\"Unser Produktversprechen in allen Bereichen: Zuverl\u00e4ssigkeit und Wertigkeit made in Germany. Wir sind [&hellip;]\" \/>\n<meta property=\"og:url\" content=\"https:\/\/stammkoetter-gmbh.de\/wordpress\/leistungen\/\" \/>\n<meta property=\"og:site_name\" content=\"Stammk\u00f6tter Maschinenbau GmbH\" \/>\n<meta property=\"article:modified_time\" content=\"2025-10-06T13:08:41+00:00\" \/>\n<meta name=\"twitter:card\" content=\"summary_large_image\" \/>\n<meta name=\"twitter:label1\" content=\"Gesch\u00e4tzte Lesezeit\" \/>\n\t<meta name=\"twitter:data1\" content=\"2\u00a0Minuten\" \/>\n<script type=\"application\/ld+json\" class=\"yoast-schema-graph\">{\"@context\":\"https:\\\/\\\/schema.org\",\"@graph\":[{\"@type\":\"WebPage\",\"@id\":\"https:\\\/\\\/stammkoetter-gmbh.de\\\/wordpress\\\/leistungen\\\/\",\"url\":\"https:\\\/\\\/stammkoetter-gmbh.de\\\/wordpress\\\/leistungen\\\/\",\"name\":\"Leistungen - Stammk\u00f6tter Maschinenbau GmbH\",\"isPartOf\":{\"@id\":\"https:\\\/\\\/stammkoetter-gmbh.de\\\/wordpress\\\/#website\"},\"primaryImageOfPage\":{\"@id\":\"https:\\\/\\\/stammkoetter-gmbh.de\\\/wordpress\\\/leistungen\\\/#primaryimage\"},\"image\":{\"@id\":\"https:\\\/\\\/stammkoetter-gmbh.de\\\/wordpress\\\/leistungen\\\/#primaryimage\"},\"thumbnailUrl\":\"https:\\\/\\\/stammkoetter-gmbh.de\\\/wordpress\\\/wp-content\\\/uploads\\\/2020\\\/04\\\/IMG_0358-1024x768.jpg\",\"datePublished\":\"2025-09-11T12:44:29+00:00\",\"dateModified\":\"2025-10-06T13:08:41+00:00\",\"breadcrumb\":{\"@id\":\"https:\\\/\\\/stammkoetter-gmbh.de\\\/wordpress\\\/leistungen\\\/#breadcrumb\"},\"inLanguage\":\"de\",\"potentialAction\":[{\"@type\":\"ReadAction\",\"target\":[\"https:\\\/\\\/stammkoetter-gmbh.de\\\/wordpress\\\/leistungen\\\/\"]}]},{\"@type\":\"ImageObject\",\"inLanguage\":\"de\",\"@id\":\"https:\\\/\\\/stammkoetter-gmbh.de\\\/wordpress\\\/leistungen\\\/#primaryimage\",\"url\":\"https:\\\/\\\/stammkoetter-gmbh.de\\\/wordpress\\\/wp-content\\\/uploads\\\/2020\\\/04\\\/IMG_0358-1024x768.jpg\",\"contentUrl\":\"https:\\\/\\\/stammkoetter-gmbh.de\\\/wordpress\\\/wp-content\\\/uploads\\\/2020\\\/04\\\/IMG_0358-1024x768.jpg\"},{\"@type\":\"BreadcrumbList\",\"@id\":\"https:\\\/\\\/stammkoetter-gmbh.de\\\/wordpress\\\/leistungen\\\/#breadcrumb\",\"itemListElement\":[{\"@type\":\"ListItem\",\"position\":1,\"name\":\"Startseite\",\"item\":\"https:\\\/\\\/stammkoetter-gmbh.de\\\/wordpress\\\/\"},{\"@type\":\"ListItem\",\"position\":2,\"name\":\"Leistungen\"}]},{\"@type\":\"WebSite\",\"@id\":\"https:\\\/\\\/stammkoetter-gmbh.de\\\/wordpress\\\/#website\",\"url\":\"https:\\\/\\\/stammkoetter-gmbh.de\\\/wordpress\\\/\",\"name\":\"Stammk\u00f6tter Maschinenbau GmbH\",\"description\":\"Sondermaschinenbau aus G\u00fctersloh\",\"potentialAction\":[{\"@type\":\"SearchAction\",\"target\":{\"@type\":\"EntryPoint\",\"urlTemplate\":\"https:\\\/\\\/stammkoetter-gmbh.de\\\/wordpress\\\/?s={search_term_string}\"},\"query-input\":{\"@type\":\"PropertyValueSpecification\",\"valueRequired\":true,\"valueName\":\"search_term_string\"}}],\"inLanguage\":\"de\"}]}<\/script>\n<!-- \/ Yoast SEO plugin. -->","yoast_head_json":{"title":"Leistungen - Stammk\u00f6tter Maschinenbau GmbH","robots":{"index":"index","follow":"follow","max-snippet":"max-snippet:-1","max-image-preview":"max-image-preview:large","max-video-preview":"max-video-preview:-1"},"canonical":"https:\/\/stammkoetter-gmbh.de\/wordpress\/leistungen\/","og_locale":"de_DE","og_type":"article","og_title":"Leistungen - Stammk\u00f6tter Maschinenbau GmbH","og_description":"Unser Produktversprechen in allen Bereichen: Zuverl\u00e4ssigkeit und Wertigkeit made in Germany. Wir sind [&hellip;]","og_url":"https:\/\/stammkoetter-gmbh.de\/wordpress\/leistungen\/","og_site_name":"Stammk\u00f6tter Maschinenbau GmbH","article_modified_time":"2025-10-06T13:08:41+00:00","twitter_card":"summary_large_image","twitter_misc":{"Gesch\u00e4tzte Lesezeit":"2\u00a0Minuten"},"schema":{"@context":"https:\/\/schema.org","@graph":[{"@type":"WebPage","@id":"https:\/\/stammkoetter-gmbh.de\/wordpress\/leistungen\/","url":"https:\/\/stammkoetter-gmbh.de\/wordpress\/leistungen\/","name":"Leistungen - Stammk\u00f6tter Maschinenbau GmbH","isPartOf":{"@id":"https:\/\/stammkoetter-gmbh.de\/wordpress\/#website"},"primaryImageOfPage":{"@id":"https:\/\/stammkoetter-gmbh.de\/wordpress\/leistungen\/#primaryimage"},"image":{"@id":"https:\/\/stammkoetter-gmbh.de\/wordpress\/leistungen\/#primaryimage"},"thumbnailUrl":"https:\/\/stammkoetter-gmbh.de\/wordpress\/wp-content\/uploads\/2020\/04\/IMG_0358-1024x768.jpg","datePublished":"2025-09-11T12:44:29+00:00","dateModified":"2025-10-06T13:08:41+00:00","breadcrumb":{"@id":"https:\/\/stammkoetter-gmbh.de\/wordpress\/leistungen\/#breadcrumb"},"inLanguage":"de","potentialAction":[{"@type":"ReadAction","target":["https:\/\/stammkoetter-gmbh.de\/wordpress\/leistungen\/"]}]},{"@type":"ImageObject","inLanguage":"de","@id":"https:\/\/stammkoetter-gmbh.de\/wordpress\/leistungen\/#primaryimage","url":"https:\/\/stammkoetter-gmbh.de\/wordpress\/wp-content\/uploads\/2020\/04\/IMG_0358-1024x768.jpg","contentUrl":"https:\/\/stammkoetter-gmbh.de\/wordpress\/wp-content\/uploads\/2020\/04\/IMG_0358-1024x768.jpg"},{"@type":"BreadcrumbList","@id":"https:\/\/stammkoetter-gmbh.de\/wordpress\/leistungen\/#breadcrumb","itemListElement":[{"@type":"ListItem","position":1,"name":"Startseite","item":"https:\/\/stammkoetter-gmbh.de\/wordpress\/"},{"@type":"ListItem","position":2,"name":"Leistungen"}]},{"@type":"WebSite","@id":"https:\/\/stammkoetter-gmbh.de\/wordpress\/#website","url":"https:\/\/stammkoetter-gmbh.de\/wordpress\/","name":"Stammk\u00f6tter Maschinenbau GmbH","description":"Sondermaschinenbau aus G\u00fctersloh","potentialAction":[{"@type":"SearchAction","target":{"@type":"EntryPoint","urlTemplate":"https:\/\/stammkoetter-gmbh.de\/wordpress\/?s={search_term_string}"},"query-input":{"@type":"PropertyValueSpecification","valueRequired":true,"valueName":"search_term_string"}}],"inLanguage":"de"}]}},"_links":{"self":[{"href":"https:\/\/stammkoetter-gmbh.de\/wordpress\/wp-json\/wp\/v2\/pages\/1657","targetHints":{"allow":["GET"]}}],"collection":[{"href":"https:\/\/stammkoetter-gmbh.de\/wordpress\/wp-json\/wp\/v2\/pages"}],"about":[{"href":"https:\/\/stammkoetter-gmbh.de\/wordpress\/wp-json\/wp\/v2\/types\/page"}],"author":[{"embeddable":true,"href":"https:\/\/stammkoetter-gmbh.de\/wordpress\/wp-json\/wp\/v2\/users\/1"}],"replies":[{"embeddable":true,"href":"https:\/\/stammkoetter-gmbh.de\/wordpress\/wp-json\/wp\/v2\/comments?post=1657"}],"version-history":[{"count":29,"href":"https:\/\/stammkoetter-gmbh.de\/wordpress\/wp-json\/wp\/v2\/pages\/1657\/revisions"}],"predecessor-version":[{"id":1792,"href":"https:\/\/stammkoetter-gmbh.de\/wordpress\/wp-json\/wp\/v2\/pages\/1657\/revisions\/1792"}],"wp:attachment":[{"href":"https:\/\/stammkoetter-gmbh.de\/wordpress\/wp-json\/wp\/v2\/media?parent=1657"}],"curies":[{"name":"wp","href":"https:\/\/api.w.org\/{rel}","templated":true}]}}