{"id":561,"date":"2018-06-04T14:08:03","date_gmt":"2018-06-04T12:08:03","guid":{"rendered":"http:\/\/www.stammkoetter-gmbh.de\/wordpress\/?page_id=561"},"modified":"2025-09-12T12:28:16","modified_gmt":"2025-09-12T10:28:16","slug":"stellenangebot-ausbildung-zum-feinwerkmechaniker","status":"publish","type":"page","link":"https:\/\/stammkoetter-gmbh.de\/wordpress\/leider-kein-stellenangebot\/stellenangebot-ausbildung-zum-feinwerkmechaniker\/","title":{"rendered":"Ausbildung zum Feinwerkmechaniker \/ zur Feinwerkmechanikerin"},"content":{"rendered":"\n<h1 class=\"wp-block-heading\">Ausbildung zum Feinwerkmechaniker \/ zur Feinwerkmechanikerin<\/h1>\n\n\n\n<p>mit dem <strong>Schwerpunkt Maschinenbau<\/strong><\/p>\n\n\n\n<p><\/p>\n\n\n\n<div class=\"wp-block-media-text has-media-on-the-right is-stacked-on-mobile\"><div class=\"wp-block-media-text__content\">\n<p>Grundausbildungsdauer 3 1\/2 Jahre \u2013 bei guten Leistungen ist eine Verk\u00fcrzung m\u00f6glich!<\/p>\n\n\n\n<ul class=\"wp-block-list\">\n<li>Dir werden zun\u00e4chst alle n\u00f6tigen Grundlagen im Unternehmen vermittelt, du erlernst fachspezifische T\u00e4tigkeiten in den einzelnen Abteilungen sowie in \u00fcberbetrieblicher Form<\/li>\n\n\n\n<li>W\u00f6chentlich 1 &#8211; 2 x Unterricht am Carl-Miele-Berufskolleg in G\u00fctersloh<\/li>\n\n\n\n<li>die Pr\u00fcfungsvorbereitung erfolgt unter der Aufsicht von Fachkr\u00e4ften<\/li>\n<\/ul>\n<\/div><figure class=\"wp-block-media-text__media\"><img loading=\"lazy\" decoding=\"async\" width=\"400\" height=\"400\" src=\"https:\/\/stammkoetter-gmbh.de\/wordpress\/wp-content\/uploads\/2022\/06\/Ausbildung-im-Handwerk.png\" alt=\"\" class=\"wp-image-1372 size-full\" srcset=\"https:\/\/stammkoetter-gmbh.de\/wordpress\/wp-content\/uploads\/2022\/06\/Ausbildung-im-Handwerk.png 400w, https:\/\/stammkoetter-gmbh.de\/wordpress\/wp-content\/uploads\/2022\/06\/Ausbildung-im-Handwerk-300x300.png 300w, https:\/\/stammkoetter-gmbh.de\/wordpress\/wp-content\/uploads\/2022\/06\/Ausbildung-im-Handwerk-150x150.png 150w, https:\/\/stammkoetter-gmbh.de\/wordpress\/wp-content\/uploads\/2022\/06\/Ausbildung-im-Handwerk-170x170.png 170w\" sizes=\"auto, (max-width: 400px) 100vw, 400px\" \/><\/figure><\/div>\n\n\n\n<ul class=\"wp-block-list\"><\/ul>\n\n\n\n<p><strong>VORAUSSETZUNGEN<\/strong><\/p>\n\n\n\n<ul class=\"wp-block-list\">\n<li>Du hast mindestens einen Hauptschulabschluss und gute Leistungen in Mathe und Physik<\/li>\n\n\n\n<li>Du besitzt Interesse an Technik<\/li>\n\n\n\n<li>Du bist zielstrebig und hast Spa\u00df daran, Neues zu erlernen<\/li>\n<\/ul>\n\n\n\n<p><strong>WAS DICH ERWARTET<\/strong><\/p>\n\n\n\n<ul class=\"wp-block-list\">\n<li>Zulage bei guten Leistungen und Pr\u00fcfungsergebnissen<\/li>\n\n\n\n<li>gut ausgebildete und erfahrene Vorgesetzte, pers\u00f6nlich Verantwortliche<\/li>\n\n\n\n<li>klare, deutliche Aufgabenstellungen<\/li>\n\n\n\n<li>faire Behandlung auf Augenh\u00f6he<\/li>\n\n\n\n<li>\u00dcbernahme nach erfolgreicher Ausbildung und bestandener Pr\u00fcfung<\/li>\n\n\n\n<li>Privater Unfallversicherungsschutz \u00fcber die Metallinnung G\u00fctersloh<\/li>\n<\/ul>\n","protected":false},"excerpt":{"rendered":"Ausbildung zum Feinwerkmechaniker \/ zur Feinwerkmechanikerin mit dem Schwerpunkt Maschinenbau VORAUSSETZUNGEN WAS DICH [&hellip;]","protected":false},"author":1,"featured_media":0,"parent":597,"menu_order":1,"comment_status":"closed","ping_status":"closed","template":"","meta":{"footnotes":""},"class_list":["post-561","page","type-page","status-publish","hentry"],"yoast_head":"<!-- This site is optimized with the Yoast SEO plugin v27.5 - https:\/\/yoast.com\/product\/yoast-seo-wordpress\/ -->\n<title>Ausbildung zum Feinwerkmechaniker \/ zur Feinwerkmechanikerin - Stammk\u00f6tter Maschinenbau GmbH<\/title>\n<meta name=\"description\" content=\"Stellenangebot Ausbildung zum Feinwerkmechaniker im Maschinenbau - Start 2022\" \/>\n<meta name=\"robots\" content=\"index, follow, max-snippet:-1, max-image-preview:large, max-video-preview:-1\" \/>\n<link rel=\"canonical\" href=\"https:\/\/stammkoetter-gmbh.de\/wordpress\/leider-kein-stellenangebot\/stellenangebot-ausbildung-zum-feinwerkmechaniker\/\" \/>\n<meta property=\"og:locale\" content=\"de_DE\" \/>\n<meta property=\"og:type\" content=\"article\" \/>\n<meta property=\"og:title\" content=\"Ausbildung zum Feinwerkmechaniker \/ zur Feinwerkmechanikerin - Stammk\u00f6tter Maschinenbau GmbH\" \/>\n<meta property=\"og:description\" content=\"Stellenangebot Ausbildung zum Feinwerkmechaniker im Maschinenbau - Start 2022\" \/>\n<meta property=\"og:url\" content=\"https:\/\/stammkoetter-gmbh.de\/wordpress\/leider-kein-stellenangebot\/stellenangebot-ausbildung-zum-feinwerkmechaniker\/\" \/>\n<meta property=\"og:site_name\" content=\"Stammk\u00f6tter Maschinenbau GmbH\" \/>\n<meta property=\"article:modified_time\" content=\"2025-09-12T10:28:16+00:00\" \/>\n<meta property=\"og:image\" content=\"https:\/\/stammkoetter-gmbh.de\/wordpress\/wp-content\/uploads\/2022\/06\/Ausbildung-im-Handwerk.png\" \/>\n\t<meta property=\"og:image:width\" content=\"400\" \/>\n\t<meta property=\"og:image:height\" content=\"400\" \/>\n\t<meta property=\"og:image:type\" content=\"image\/png\" \/>\n<meta name=\"twitter:card\" content=\"summary_large_image\" \/>\n<meta name=\"twitter:label1\" content=\"Gesch\u00e4tzte Lesezeit\" \/>\n\t<meta name=\"twitter:data1\" content=\"1\u00a0Minute\" \/>\n<script type=\"application\/ld+json\" class=\"yoast-schema-graph\">{\"@context\":\"https:\\\/\\\/schema.org\",\"@graph\":[{\"@type\":\"WebPage\",\"@id\":\"https:\\\/\\\/stammkoetter-gmbh.de\\\/wordpress\\\/leider-kein-stellenangebot\\\/stellenangebot-ausbildung-zum-feinwerkmechaniker\\\/\",\"url\":\"https:\\\/\\\/stammkoetter-gmbh.de\\\/wordpress\\\/leider-kein-stellenangebot\\\/stellenangebot-ausbildung-zum-feinwerkmechaniker\\\/\",\"name\":\"Ausbildung zum Feinwerkmechaniker \\\/ zur Feinwerkmechanikerin - Stammk\u00f6tter Maschinenbau GmbH\",\"isPartOf\":{\"@id\":\"https:\\\/\\\/stammkoetter-gmbh.de\\\/wordpress\\\/#website\"},\"primaryImageOfPage\":{\"@id\":\"https:\\\/\\\/stammkoetter-gmbh.de\\\/wordpress\\\/leider-kein-stellenangebot\\\/stellenangebot-ausbildung-zum-feinwerkmechaniker\\\/#primaryimage\"},\"image\":{\"@id\":\"https:\\\/\\\/stammkoetter-gmbh.de\\\/wordpress\\\/leider-kein-stellenangebot\\\/stellenangebot-ausbildung-zum-feinwerkmechaniker\\\/#primaryimage\"},\"thumbnailUrl\":\"https:\\\/\\\/stammkoetter-gmbh.de\\\/wordpress\\\/wp-content\\\/uploads\\\/2022\\\/06\\\/Ausbildung-im-Handwerk.png\",\"datePublished\":\"2018-06-04T12:08:03+00:00\",\"dateModified\":\"2025-09-12T10:28:16+00:00\",\"description\":\"Stellenangebot Ausbildung zum Feinwerkmechaniker im Maschinenbau - Start 2022\",\"breadcrumb\":{\"@id\":\"https:\\\/\\\/stammkoetter-gmbh.de\\\/wordpress\\\/leider-kein-stellenangebot\\\/stellenangebot-ausbildung-zum-feinwerkmechaniker\\\/#breadcrumb\"},\"inLanguage\":\"de\",\"potentialAction\":[{\"@type\":\"ReadAction\",\"target\":[\"https:\\\/\\\/stammkoetter-gmbh.de\\\/wordpress\\\/leider-kein-stellenangebot\\\/stellenangebot-ausbildung-zum-feinwerkmechaniker\\\/\"]}]},{\"@type\":\"ImageObject\",\"inLanguage\":\"de\",\"@id\":\"https:\\\/\\\/stammkoetter-gmbh.de\\\/wordpress\\\/leider-kein-stellenangebot\\\/stellenangebot-ausbildung-zum-feinwerkmechaniker\\\/#primaryimage\",\"url\":\"https:\\\/\\\/stammkoetter-gmbh.de\\\/wordpress\\\/wp-content\\\/uploads\\\/2022\\\/06\\\/Ausbildung-im-Handwerk.png\",\"contentUrl\":\"https:\\\/\\\/stammkoetter-gmbh.de\\\/wordpress\\\/wp-content\\\/uploads\\\/2022\\\/06\\\/Ausbildung-im-Handwerk.png\",\"width\":400,\"height\":400},{\"@type\":\"BreadcrumbList\",\"@id\":\"https:\\\/\\\/stammkoetter-gmbh.de\\\/wordpress\\\/leider-kein-stellenangebot\\\/stellenangebot-ausbildung-zum-feinwerkmechaniker\\\/#breadcrumb\",\"itemListElement\":[{\"@type\":\"ListItem\",\"position\":1,\"name\":\"Startseite\",\"item\":\"https:\\\/\\\/stammkoetter-gmbh.de\\\/wordpress\\\/\"},{\"@type\":\"ListItem\",\"position\":2,\"name\":\"STELLENANGEBOTE\",\"item\":\"https:\\\/\\\/stammkoetter-gmbh.de\\\/wordpress\\\/leider-kein-stellenangebot\\\/\"},{\"@type\":\"ListItem\",\"position\":3,\"name\":\"Ausbildung zum Feinwerkmechaniker \\\/ zur Feinwerkmechanikerin\"}]},{\"@type\":\"WebSite\",\"@id\":\"https:\\\/\\\/stammkoetter-gmbh.de\\\/wordpress\\\/#website\",\"url\":\"https:\\\/\\\/stammkoetter-gmbh.de\\\/wordpress\\\/\",\"name\":\"Stammk\u00f6tter Maschinenbau GmbH\",\"description\":\"Sondermaschinenbau aus G\u00fctersloh\",\"potentialAction\":[{\"@type\":\"SearchAction\",\"target\":{\"@type\":\"EntryPoint\",\"urlTemplate\":\"https:\\\/\\\/stammkoetter-gmbh.de\\\/wordpress\\\/?s={search_term_string}\"},\"query-input\":{\"@type\":\"PropertyValueSpecification\",\"valueRequired\":true,\"valueName\":\"search_term_string\"}}],\"inLanguage\":\"de\"}]}<\/script>\n<!-- \/ Yoast SEO plugin. -->","yoast_head_json":{"title":"Ausbildung zum Feinwerkmechaniker \/ zur Feinwerkmechanikerin - Stammk\u00f6tter Maschinenbau GmbH","description":"Stellenangebot Ausbildung zum Feinwerkmechaniker im Maschinenbau - Start 2022","robots":{"index":"index","follow":"follow","max-snippet":"max-snippet:-1","max-image-preview":"max-image-preview:large","max-video-preview":"max-video-preview:-1"},"canonical":"https:\/\/stammkoetter-gmbh.de\/wordpress\/leider-kein-stellenangebot\/stellenangebot-ausbildung-zum-feinwerkmechaniker\/","og_locale":"de_DE","og_type":"article","og_title":"Ausbildung zum Feinwerkmechaniker \/ zur Feinwerkmechanikerin - Stammk\u00f6tter Maschinenbau GmbH","og_description":"Stellenangebot Ausbildung zum Feinwerkmechaniker im Maschinenbau - Start 2022","og_url":"https:\/\/stammkoetter-gmbh.de\/wordpress\/leider-kein-stellenangebot\/stellenangebot-ausbildung-zum-feinwerkmechaniker\/","og_site_name":"Stammk\u00f6tter Maschinenbau GmbH","article_modified_time":"2025-09-12T10:28:16+00:00","og_image":[{"width":400,"height":400,"url":"https:\/\/stammkoetter-gmbh.de\/wordpress\/wp-content\/uploads\/2022\/06\/Ausbildung-im-Handwerk.png","type":"image\/png"}],"twitter_card":"summary_large_image","twitter_misc":{"Gesch\u00e4tzte Lesezeit":"1\u00a0Minute"},"schema":{"@context":"https:\/\/schema.org","@graph":[{"@type":"WebPage","@id":"https:\/\/stammkoetter-gmbh.de\/wordpress\/leider-kein-stellenangebot\/stellenangebot-ausbildung-zum-feinwerkmechaniker\/","url":"https:\/\/stammkoetter-gmbh.de\/wordpress\/leider-kein-stellenangebot\/stellenangebot-ausbildung-zum-feinwerkmechaniker\/","name":"Ausbildung zum Feinwerkmechaniker \/ zur Feinwerkmechanikerin - Stammk\u00f6tter Maschinenbau GmbH","isPartOf":{"@id":"https:\/\/stammkoetter-gmbh.de\/wordpress\/#website"},"primaryImageOfPage":{"@id":"https:\/\/stammkoetter-gmbh.de\/wordpress\/leider-kein-stellenangebot\/stellenangebot-ausbildung-zum-feinwerkmechaniker\/#primaryimage"},"image":{"@id":"https:\/\/stammkoetter-gmbh.de\/wordpress\/leider-kein-stellenangebot\/stellenangebot-ausbildung-zum-feinwerkmechaniker\/#primaryimage"},"thumbnailUrl":"https:\/\/stammkoetter-gmbh.de\/wordpress\/wp-content\/uploads\/2022\/06\/Ausbildung-im-Handwerk.png","datePublished":"2018-06-04T12:08:03+00:00","dateModified":"2025-09-12T10:28:16+00:00","description":"Stellenangebot Ausbildung zum Feinwerkmechaniker im Maschinenbau - Start 2022","breadcrumb":{"@id":"https:\/\/stammkoetter-gmbh.de\/wordpress\/leider-kein-stellenangebot\/stellenangebot-ausbildung-zum-feinwerkmechaniker\/#breadcrumb"},"inLanguage":"de","potentialAction":[{"@type":"ReadAction","target":["https:\/\/stammkoetter-gmbh.de\/wordpress\/leider-kein-stellenangebot\/stellenangebot-ausbildung-zum-feinwerkmechaniker\/"]}]},{"@type":"ImageObject","inLanguage":"de","@id":"https:\/\/stammkoetter-gmbh.de\/wordpress\/leider-kein-stellenangebot\/stellenangebot-ausbildung-zum-feinwerkmechaniker\/#primaryimage","url":"https:\/\/stammkoetter-gmbh.de\/wordpress\/wp-content\/uploads\/2022\/06\/Ausbildung-im-Handwerk.png","contentUrl":"https:\/\/stammkoetter-gmbh.de\/wordpress\/wp-content\/uploads\/2022\/06\/Ausbildung-im-Handwerk.png","width":400,"height":400},{"@type":"BreadcrumbList","@id":"https:\/\/stammkoetter-gmbh.de\/wordpress\/leider-kein-stellenangebot\/stellenangebot-ausbildung-zum-feinwerkmechaniker\/#breadcrumb","itemListElement":[{"@type":"ListItem","position":1,"name":"Startseite","item":"https:\/\/stammkoetter-gmbh.de\/wordpress\/"},{"@type":"ListItem","position":2,"name":"STELLENANGEBOTE","item":"https:\/\/stammkoetter-gmbh.de\/wordpress\/leider-kein-stellenangebot\/"},{"@type":"ListItem","position":3,"name":"Ausbildung zum Feinwerkmechaniker \/ zur Feinwerkmechanikerin"}]},{"@type":"WebSite","@id":"https:\/\/stammkoetter-gmbh.de\/wordpress\/#website","url":"https:\/\/stammkoetter-gmbh.de\/wordpress\/","name":"Stammk\u00f6tter Maschinenbau GmbH","description":"Sondermaschinenbau aus G\u00fctersloh","potentialAction":[{"@type":"SearchAction","target":{"@type":"EntryPoint","urlTemplate":"https:\/\/stammkoetter-gmbh.de\/wordpress\/?s={search_term_string}"},"query-input":{"@type":"PropertyValueSpecification","valueRequired":true,"valueName":"search_term_string"}}],"inLanguage":"de"}]}},"_links":{"self":[{"href":"https:\/\/stammkoetter-gmbh.de\/wordpress\/wp-json\/wp\/v2\/pages\/561","targetHints":{"allow":["GET"]}}],"collection":[{"href":"https:\/\/stammkoetter-gmbh.de\/wordpress\/wp-json\/wp\/v2\/pages"}],"about":[{"href":"https:\/\/stammkoetter-gmbh.de\/wordpress\/wp-json\/wp\/v2\/types\/page"}],"author":[{"embeddable":true,"href":"https:\/\/stammkoetter-gmbh.de\/wordpress\/wp-json\/wp\/v2\/users\/1"}],"replies":[{"embeddable":true,"href":"https:\/\/stammkoetter-gmbh.de\/wordpress\/wp-json\/wp\/v2\/comments?post=561"}],"version-history":[{"count":8,"href":"https:\/\/stammkoetter-gmbh.de\/wordpress\/wp-json\/wp\/v2\/pages\/561\/revisions"}],"predecessor-version":[{"id":1703,"href":"https:\/\/stammkoetter-gmbh.de\/wordpress\/wp-json\/wp\/v2\/pages\/561\/revisions\/1703"}],"up":[{"embeddable":true,"href":"https:\/\/stammkoetter-gmbh.de\/wordpress\/wp-json\/wp\/v2\/pages\/597"}],"wp:attachment":[{"href":"https:\/\/stammkoetter-gmbh.de\/wordpress\/wp-json\/wp\/v2\/media?parent=561"}],"curies":[{"name":"wp","href":"https:\/\/api.w.org\/{rel}","templated":true}]}}