{"id":58,"date":"2017-01-10T11:08:48","date_gmt":"2017-01-10T10:08:48","guid":{"rendered":"http:\/\/www.stammkoetter-gmbh.de\/wordpress\/?page_id=58"},"modified":"2024-04-23T11:55:01","modified_gmt":"2024-04-23T09:55:01","slug":"kontakt","status":"publish","type":"page","link":"https:\/\/stammkoetter-gmbh.de\/wordpress\/kontakt\/","title":{"rendered":"KONTAKT"},"content":{"rendered":"\n<h3 class=\"wp-block-heading\">Kontaktdaten<\/h3>\n\n\n\n<div class=\"wp-block-columns is-layout-flex wp-container-core-columns-is-layout-9d6595d7 wp-block-columns-is-layout-flex\">\n<div class=\"wp-block-column is-layout-flow wp-block-column-is-layout-flow\" style=\"flex-basis:40%\">\n<p>Norbert Stammk\u00f6tter Maschinenbau GmbH<\/p>\n\n\n\n<p>Dieselstra\u00dfe 71<\/p>\n\n\n\n<p>33334 G\u00fctersloh<\/p>\n\n\n\n<p>+49 5241 | 687483<\/p>\n\n\n\n<p><a href=\"mailto:info@stammkoetter-gmbh.de\">info@stammkoetter-gmbh.de<\/a><\/p>\n\n\n\n<p><\/p>\n<\/div>\n\n\n\n<div class=\"wp-block-column is-layout-flow wp-block-column-is-layout-flow\" style=\"flex-basis:66.66%\"><div class=\"su-gmap su-u-responsive-media-yes\"><iframe loading=\"lazy\" width=\"300\" height=\"240\" src=\"\/\/maps.google.com\/maps?q=Dieselstra%C3%9Fe%2071%2033334%20G%C3%BCtersloh%20germany&amp;output=embed&amp;z=11\" title=\"Norbert Stammk\u00f6tter Maschinenbau GmbH\"><\/iframe><\/div>\n<\/div>\n<\/div>\n\n\n\n<h3 class=\"wp-block-heading\">Ansprechpartner<\/h3>\n\n\n\n<div class=\"wp-block-columns is-layout-flex wp-container-core-columns-is-layout-9d6595d7 wp-block-columns-is-layout-flex\">\n<div class=\"wp-block-column is-layout-flow wp-block-column-is-layout-flow\" style=\"flex-basis:100%\">\n<div class=\"wp-block-columns is-layout-flex wp-container-core-columns-is-layout-9d6595d7 wp-block-columns-is-layout-flex\">\n<div class=\"wp-block-column is-vertically-aligned-center is-layout-flow wp-block-column-is-layout-flow\" style=\"flex-basis:33.33%\">\n<figure class=\"wp-block-image size-large is-resized\"><a href=\"https:\/\/stammkoetter-gmbh.de\/wordpress\/kontakt\/ansprechpartner\/\"><img decoding=\"async\" src=\"https:\/\/stammkoetter-gmbh.de\/wordpress\/wp-content\/uploads\/2017\/01\/Ansprechpatner.jpg\" alt=\"Link zu Ansprechpartner\" class=\"wp-image-411\" style=\"width:178px;height:174px\"\/><\/a><figcaption class=\"wp-element-caption\"><a href=\"https:\/\/stammkoetter-gmbh.de\/wordpress\/kontakt\/ansprechpartner\/\" rel=\"sponsored nofollow\">Unsere Ansprechpartner f\u00fcr Sie<\/a><\/figcaption><\/figure>\n<\/div>\n\n\n\n<div class=\"wp-block-column is-vertically-aligned-center is-layout-flow wp-block-column-is-layout-flow\" style=\"flex-basis:66.66%\">\n<p class=\"has-text-align-center\">Hier haben Sie die M\u00f6glichkeit, mit uns Kontakt aufzunehmen. <\/p>\n\n\n\n<p class=\"has-text-align-center\">Stellen Sie gerne Ihre Anfrage direkt an den richtigen Ansprechpartner.<\/p>\n\n\n\n<div style=\"height:42px\" aria-hidden=\"true\" class=\"wp-block-spacer\"><\/div>\n<\/div>\n<\/div>\n<\/div>\n<\/div>\n\n\n\n<div class=\"wp-block-columns is-layout-flex wp-container-core-columns-is-layout-9d6595d7 wp-block-columns-is-layout-flex\">\n<div class=\"wp-block-column is-layout-flow wp-block-column-is-layout-flow\"><\/div>\n<\/div>\n\n\n\n<p><\/p>\n\n\n\n<p><\/p>\n","protected":false},"excerpt":{"rendered":"Kontaktdaten Norbert Stammk\u00f6tter Maschinenbau GmbH Dieselstra\u00dfe 71 33334 G\u00fctersloh +49 5241 | 687483 [&hellip;]","protected":false},"author":1,"featured_media":0,"parent":0,"menu_order":0,"comment_status":"closed","ping_status":"closed","template":"","meta":{"footnotes":""},"class_list":["post-58","page","type-page","status-publish","hentry"],"yoast_head":"<!-- This site is optimized with the Yoast SEO plugin v27.4 - https:\/\/yoast.com\/product\/yoast-seo-wordpress\/ -->\n<title>Ihre ANSPRECHPARTNER f\u00fcr KONTAKT und SERVICE<\/title>\n<meta name=\"description\" content=\"Hier haben Sie die M\u00f6glichkeit, mit uns Kontakt aufzunehemen. Stellen Sie \u00fcber das Formular eine Anfrage oder w\u00e4hlen \u00fcber das Icon Ihren Ansprechpartner.\" \/>\n<meta name=\"robots\" content=\"index, follow, max-snippet:-1, max-image-preview:large, max-video-preview:-1\" \/>\n<link rel=\"canonical\" href=\"https:\/\/stammkoetter-gmbh.de\/wordpress\/kontakt\/\" \/>\n<meta property=\"og:locale\" content=\"de_DE\" \/>\n<meta property=\"og:type\" content=\"article\" \/>\n<meta property=\"og:title\" content=\"Ihre ANSPRECHPARTNER f\u00fcr KONTAKT und SERVICE\" \/>\n<meta property=\"og:description\" content=\"Hier haben Sie die M\u00f6glichkeit, mit uns Kontakt aufzunehemen. Stellen Sie \u00fcber das Formular eine Anfrage oder w\u00e4hlen \u00fcber das Icon Ihren Ansprechpartner.\" \/>\n<meta property=\"og:url\" content=\"https:\/\/stammkoetter-gmbh.de\/wordpress\/kontakt\/\" \/>\n<meta property=\"og:site_name\" content=\"Stammk\u00f6tter Maschinenbau GmbH\" \/>\n<meta property=\"article:modified_time\" content=\"2024-04-23T09:55:01+00:00\" \/>\n<meta property=\"og:image\" content=\"https:\/\/stammkoetter-gmbh.de\/wordpress\/wp-content\/uploads\/2017\/01\/Ansprechpatner.jpg\" \/>\n<meta name=\"twitter:card\" content=\"summary_large_image\" \/>\n<meta name=\"twitter:label1\" content=\"Gesch\u00e4tzte Lesezeit\" \/>\n\t<meta name=\"twitter:data1\" content=\"1\u00a0Minute\" \/>\n<script type=\"application\/ld+json\" class=\"yoast-schema-graph\">{\"@context\":\"https:\\\/\\\/schema.org\",\"@graph\":[{\"@type\":\"WebPage\",\"@id\":\"https:\\\/\\\/stammkoetter-gmbh.de\\\/wordpress\\\/kontakt\\\/\",\"url\":\"https:\\\/\\\/stammkoetter-gmbh.de\\\/wordpress\\\/kontakt\\\/\",\"name\":\"Ihre ANSPRECHPARTNER f\u00fcr KONTAKT und SERVICE\",\"isPartOf\":{\"@id\":\"https:\\\/\\\/stammkoetter-gmbh.de\\\/wordpress\\\/#website\"},\"primaryImageOfPage\":{\"@id\":\"https:\\\/\\\/stammkoetter-gmbh.de\\\/wordpress\\\/kontakt\\\/#primaryimage\"},\"image\":{\"@id\":\"https:\\\/\\\/stammkoetter-gmbh.de\\\/wordpress\\\/kontakt\\\/#primaryimage\"},\"thumbnailUrl\":\"https:\\\/\\\/stammkoetter-gmbh.de\\\/wordpress\\\/wp-content\\\/uploads\\\/2017\\\/01\\\/Ansprechpatner.jpg\",\"datePublished\":\"2017-01-10T10:08:48+00:00\",\"dateModified\":\"2024-04-23T09:55:01+00:00\",\"description\":\"Hier haben Sie die M\u00f6glichkeit, mit uns Kontakt aufzunehemen. Stellen Sie \u00fcber das Formular eine Anfrage oder w\u00e4hlen \u00fcber das Icon Ihren Ansprechpartner.\",\"breadcrumb\":{\"@id\":\"https:\\\/\\\/stammkoetter-gmbh.de\\\/wordpress\\\/kontakt\\\/#breadcrumb\"},\"inLanguage\":\"de\",\"potentialAction\":[{\"@type\":\"ReadAction\",\"target\":[\"https:\\\/\\\/stammkoetter-gmbh.de\\\/wordpress\\\/kontakt\\\/\"]}]},{\"@type\":\"ImageObject\",\"inLanguage\":\"de\",\"@id\":\"https:\\\/\\\/stammkoetter-gmbh.de\\\/wordpress\\\/kontakt\\\/#primaryimage\",\"url\":\"https:\\\/\\\/stammkoetter-gmbh.de\\\/wordpress\\\/wp-content\\\/uploads\\\/2017\\\/01\\\/Ansprechpatner.jpg\",\"contentUrl\":\"https:\\\/\\\/stammkoetter-gmbh.de\\\/wordpress\\\/wp-content\\\/uploads\\\/2017\\\/01\\\/Ansprechpatner.jpg\"},{\"@type\":\"BreadcrumbList\",\"@id\":\"https:\\\/\\\/stammkoetter-gmbh.de\\\/wordpress\\\/kontakt\\\/#breadcrumb\",\"itemListElement\":[{\"@type\":\"ListItem\",\"position\":1,\"name\":\"Startseite\",\"item\":\"https:\\\/\\\/stammkoetter-gmbh.de\\\/wordpress\\\/\"},{\"@type\":\"ListItem\",\"position\":2,\"name\":\"KONTAKT\"}]},{\"@type\":\"WebSite\",\"@id\":\"https:\\\/\\\/stammkoetter-gmbh.de\\\/wordpress\\\/#website\",\"url\":\"https:\\\/\\\/stammkoetter-gmbh.de\\\/wordpress\\\/\",\"name\":\"Stammk\u00f6tter Maschinenbau GmbH\",\"description\":\"Sondermaschinenbau aus G\u00fctersloh\",\"potentialAction\":[{\"@type\":\"SearchAction\",\"target\":{\"@type\":\"EntryPoint\",\"urlTemplate\":\"https:\\\/\\\/stammkoetter-gmbh.de\\\/wordpress\\\/?s={search_term_string}\"},\"query-input\":{\"@type\":\"PropertyValueSpecification\",\"valueRequired\":true,\"valueName\":\"search_term_string\"}}],\"inLanguage\":\"de\"}]}<\/script>\n<!-- \/ Yoast SEO plugin. -->","yoast_head_json":{"title":"Ihre ANSPRECHPARTNER f\u00fcr KONTAKT und SERVICE","description":"Hier haben Sie die M\u00f6glichkeit, mit uns Kontakt aufzunehemen. Stellen Sie \u00fcber das Formular eine Anfrage oder w\u00e4hlen \u00fcber das Icon Ihren Ansprechpartner.","robots":{"index":"index","follow":"follow","max-snippet":"max-snippet:-1","max-image-preview":"max-image-preview:large","max-video-preview":"max-video-preview:-1"},"canonical":"https:\/\/stammkoetter-gmbh.de\/wordpress\/kontakt\/","og_locale":"de_DE","og_type":"article","og_title":"Ihre ANSPRECHPARTNER f\u00fcr KONTAKT und SERVICE","og_description":"Hier haben Sie die M\u00f6glichkeit, mit uns Kontakt aufzunehemen. Stellen Sie \u00fcber das Formular eine Anfrage oder w\u00e4hlen \u00fcber das Icon Ihren Ansprechpartner.","og_url":"https:\/\/stammkoetter-gmbh.de\/wordpress\/kontakt\/","og_site_name":"Stammk\u00f6tter Maschinenbau GmbH","article_modified_time":"2024-04-23T09:55:01+00:00","og_image":[{"url":"https:\/\/stammkoetter-gmbh.de\/wordpress\/wp-content\/uploads\/2017\/01\/Ansprechpatner.jpg","type":"","width":"","height":""}],"twitter_card":"summary_large_image","twitter_misc":{"Gesch\u00e4tzte Lesezeit":"1\u00a0Minute"},"schema":{"@context":"https:\/\/schema.org","@graph":[{"@type":"WebPage","@id":"https:\/\/stammkoetter-gmbh.de\/wordpress\/kontakt\/","url":"https:\/\/stammkoetter-gmbh.de\/wordpress\/kontakt\/","name":"Ihre ANSPRECHPARTNER f\u00fcr KONTAKT und SERVICE","isPartOf":{"@id":"https:\/\/stammkoetter-gmbh.de\/wordpress\/#website"},"primaryImageOfPage":{"@id":"https:\/\/stammkoetter-gmbh.de\/wordpress\/kontakt\/#primaryimage"},"image":{"@id":"https:\/\/stammkoetter-gmbh.de\/wordpress\/kontakt\/#primaryimage"},"thumbnailUrl":"https:\/\/stammkoetter-gmbh.de\/wordpress\/wp-content\/uploads\/2017\/01\/Ansprechpatner.jpg","datePublished":"2017-01-10T10:08:48+00:00","dateModified":"2024-04-23T09:55:01+00:00","description":"Hier haben Sie die M\u00f6glichkeit, mit uns Kontakt aufzunehemen. Stellen Sie \u00fcber das Formular eine Anfrage oder w\u00e4hlen \u00fcber das Icon Ihren Ansprechpartner.","breadcrumb":{"@id":"https:\/\/stammkoetter-gmbh.de\/wordpress\/kontakt\/#breadcrumb"},"inLanguage":"de","potentialAction":[{"@type":"ReadAction","target":["https:\/\/stammkoetter-gmbh.de\/wordpress\/kontakt\/"]}]},{"@type":"ImageObject","inLanguage":"de","@id":"https:\/\/stammkoetter-gmbh.de\/wordpress\/kontakt\/#primaryimage","url":"https:\/\/stammkoetter-gmbh.de\/wordpress\/wp-content\/uploads\/2017\/01\/Ansprechpatner.jpg","contentUrl":"https:\/\/stammkoetter-gmbh.de\/wordpress\/wp-content\/uploads\/2017\/01\/Ansprechpatner.jpg"},{"@type":"BreadcrumbList","@id":"https:\/\/stammkoetter-gmbh.de\/wordpress\/kontakt\/#breadcrumb","itemListElement":[{"@type":"ListItem","position":1,"name":"Startseite","item":"https:\/\/stammkoetter-gmbh.de\/wordpress\/"},{"@type":"ListItem","position":2,"name":"KONTAKT"}]},{"@type":"WebSite","@id":"https:\/\/stammkoetter-gmbh.de\/wordpress\/#website","url":"https:\/\/stammkoetter-gmbh.de\/wordpress\/","name":"Stammk\u00f6tter Maschinenbau GmbH","description":"Sondermaschinenbau aus G\u00fctersloh","potentialAction":[{"@type":"SearchAction","target":{"@type":"EntryPoint","urlTemplate":"https:\/\/stammkoetter-gmbh.de\/wordpress\/?s={search_term_string}"},"query-input":{"@type":"PropertyValueSpecification","valueRequired":true,"valueName":"search_term_string"}}],"inLanguage":"de"}]}},"_links":{"self":[{"href":"https:\/\/stammkoetter-gmbh.de\/wordpress\/wp-json\/wp\/v2\/pages\/58","targetHints":{"allow":["GET"]}}],"collection":[{"href":"https:\/\/stammkoetter-gmbh.de\/wordpress\/wp-json\/wp\/v2\/pages"}],"about":[{"href":"https:\/\/stammkoetter-gmbh.de\/wordpress\/wp-json\/wp\/v2\/types\/page"}],"author":[{"embeddable":true,"href":"https:\/\/stammkoetter-gmbh.de\/wordpress\/wp-json\/wp\/v2\/users\/1"}],"replies":[{"embeddable":true,"href":"https:\/\/stammkoetter-gmbh.de\/wordpress\/wp-json\/wp\/v2\/comments?post=58"}],"version-history":[{"count":7,"href":"https:\/\/stammkoetter-gmbh.de\/wordpress\/wp-json\/wp\/v2\/pages\/58\/revisions"}],"predecessor-version":[{"id":1591,"href":"https:\/\/stammkoetter-gmbh.de\/wordpress\/wp-json\/wp\/v2\/pages\/58\/revisions\/1591"}],"wp:attachment":[{"href":"https:\/\/stammkoetter-gmbh.de\/wordpress\/wp-json\/wp\/v2\/media?parent=58"}],"curies":[{"name":"wp","href":"https:\/\/api.w.org\/{rel}","templated":true}]}}